{"id":2,"date":"2016-05-10T03:48:21","date_gmt":"2016-05-10T03:48:21","guid":{"rendered":"http:\/\/72degrees.ch\/?page_id=2"},"modified":"2020-02-21T18:05:34","modified_gmt":"2020-02-21T18:05:34","slug":"sample-page","status":"publish","type":"page","link":"https:\/\/72degrees.ch\/?page_id=2","title":{"rendered":"DJ 72 Degrees &#8211; Welcome page"},"content":{"rendered":"<p>Apr\u00e8s 20 ans pass\u00e9 sur les Dance Floor \u00e0 travers le monde, DJ 72 Degrees est le nouveau concept DJ de DJ Sleepy. Dans son nouveau monde, d\u00e9limit\u00e9 autour de la DeepProg, DeepHouse, Techno rafraichissante 72 Degrees vous am\u00e8nes \u00e0 d\u00e9couvrir ou red\u00e9couvrir des sons d\u2019artistes connu est moins connus. A travers les m\u00e9lodies de ces artistes favoris voyagez autant chez vous que sur un bon DanceFloor et vibrer tout en prenant le bon angle\u00a0!<\/p>\n<p>72 Degrees partagera avec vous ces d\u00e9couvertes avec ces sets sur les diff\u00e9rentes plateformes num\u00e9rique\u00a0!<\/p>\n<p>https:\/\/www.facebook.com\/72degrees.ch\/<\/p>\n<p><iframe loading=\"lazy\" title=\"72degrees\" width=\"200\" height=\"250\" src=\"https:\/\/www.mixcloud.com\/widget\/follow\/?u=https%3A%2F%2Fwww.mixcloud.com%2F72degrees%2F\" frameborder=\"0\"><\/iframe><\/p>\n<p><iframe loading=\"lazy\" width=\"800\" height=\"450\" scrolling=\"no\" frameborder=\"no\" src=\"https:\/\/w.soundcloud.com\/player\/?visual=true&#038;url=https%3A%2F%2Fapi.soundcloud.com%2Fusers%2F731739604&#038;show_artwork=true&#038;maxwidth=800&#038;maxheight=1000&#038;dnt=1\"><\/iframe><\/p>\n","protected":false},"excerpt":{"rendered":"<p>Apr\u00e8s 20 ans pass\u00e9 sur les Dance Floor \u00e0 travers le monde, DJ 72 Degrees est le nouveau concept DJ de DJ Sleepy. Dans son nouveau monde, d\u00e9limit\u00e9 autour de la DeepProg, DeepHouse, Techno rafraichissante&hellip; <\/p>\n<p><a class=\"more-link\" href=\"https:\/\/72degrees.ch\/?page_id=2\">Continue Reading DJ 72 Degrees &#8211; Welcome page<\/a><\/p>\n","protected":false},"author":1,"featured_media":0,"parent":0,"menu_order":0,"comment_status":"closed","ping_status":"open","template":"","meta":[],"_links":{"self":[{"href":"https:\/\/72degrees.ch\/index.php?rest_route=\/wp\/v2\/pages\/2"}],"collection":[{"href":"https:\/\/72degrees.ch\/index.php?rest_route=\/wp\/v2\/pages"}],"about":[{"href":"https:\/\/72degrees.ch\/index.php?rest_route=\/wp\/v2\/types\/page"}],"author":[{"embeddable":true,"href":"https:\/\/72degrees.ch\/index.php?rest_route=\/wp\/v2\/users\/1"}],"replies":[{"embeddable":true,"href":"https:\/\/72degrees.ch\/index.php?rest_route=%2Fwp%2Fv2%2Fcomments&post=2"}],"version-history":[{"count":2,"href":"https:\/\/72degrees.ch\/index.php?rest_route=\/wp\/v2\/pages\/2\/revisions"}],"predecessor-version":[{"id":58,"href":"https:\/\/72degrees.ch\/index.php?rest_route=\/wp\/v2\/pages\/2\/revisions\/58"}],"wp:attachment":[{"href":"https:\/\/72degrees.ch\/index.php?rest_route=%2Fwp%2Fv2%2Fmedia&parent=2"}],"curies":[{"name":"wp","href":"https:\/\/api.w.org\/{rel}","templated":true}]}}