{"id":117,"date":"2020-11-29T14:46:08","date_gmt":"2020-11-29T14:46:08","guid":{"rendered":"http:\/\/72degrees.ch\/?post_type=product&#038;p=117"},"modified":"2024-05-27T00:48:48","modified_gmt":"2024-05-27T00:48:48","slug":"t-shirt-male","status":"publish","type":"product","link":"https:\/\/72degrees.ch\/?product=t-shirt-male","title":{"rendered":"T-Shirt Men"},"content":{"rendered":"<p>Nos graphistes ont con\u00e7u un mod\u00e8le de Top pour femme 72 Degrees uniquement de couleur noire Id\u00e9al pour les journ\u00e9es chaudes &#8211; le rafra\u00eechit lorsque la temp\u00e9rature augmente.<\/p>\n","protected":false},"excerpt":{"rendered":"<p>Nos graphistes ont con\u00e7u un mod\u00e8le de Top pour femme 72 Degrees uniquement de couleur noire Id\u00e9al pour les journ\u00e9es chaudes &#8211; le rafra\u00eechit lorsque la temp\u00e9rature augmente.<\/p>\n","protected":false},"featured_media":118,"comment_status":"open","ping_status":"closed","template":"","meta":[],"product_cat":[19],"product_tag":[],"_links":{"self":[{"href":"https:\/\/72degrees.ch\/index.php?rest_route=\/wp\/v2\/product\/117"}],"collection":[{"href":"https:\/\/72degrees.ch\/index.php?rest_route=\/wp\/v2\/product"}],"about":[{"href":"https:\/\/72degrees.ch\/index.php?rest_route=\/wp\/v2\/types\/product"}],"replies":[{"embeddable":true,"href":"https:\/\/72degrees.ch\/index.php?rest_route=%2Fwp%2Fv2%2Fcomments&post=117"}],"wp:featuredmedia":[{"embeddable":true,"href":"https:\/\/72degrees.ch\/index.php?rest_route=\/wp\/v2\/media\/118"}],"wp:attachment":[{"href":"https:\/\/72degrees.ch\/index.php?rest_route=%2Fwp%2Fv2%2Fmedia&parent=117"}],"wp:term":[{"taxonomy":"product_cat","embeddable":true,"href":"https:\/\/72degrees.ch\/index.php?rest_route=%2Fwp%2Fv2%2Fproduct_cat&post=117"},{"taxonomy":"product_tag","embeddable":true,"href":"https:\/\/72degrees.ch\/index.php?rest_route=%2Fwp%2Fv2%2Fproduct_tag&post=117"}],"curies":[{"name":"wp","href":"https:\/\/api.w.org\/{rel}","templated":true}]}}